{"id":12595,"date":"2026-04-16T09:51:05","date_gmt":"2026-04-16T08:51:05","guid":{"rendered":"https:\/\/www.daorson.se\/?post_type=product&#038;p=12595"},"modified":"2026-04-16T10:42:35","modified_gmt":"2026-04-16T09:42:35","slug":"jalijas-6e-upplagan","status":"publish","type":"product","link":"https:\/\/www.daorson.se\/sv\/produkt\/jalijas-6e-upplagan\/","title":{"rendered":"Jalija\u0161 [6:e upplagan]"},"content":{"rendered":"<section class=\"kc-elm kc-css-765224 kc_row\"><div class=\"kc-row-container  kc-container\"><div class=\"kc-wrap-columns\"><div class=\"kc-elm kc-css-320118 kc_col-sm-12 kc_column kc_col-sm-12\"><div class=\"kc-col-container\"><div class=\"kc-elm kc-css-216317 kc_text_block\"><\/p>\n<style type=\"text\/css\"><span data-mce-type=\"bookmark\" style=\"display: inline-block; width: 0px; overflow: hidden; line-height: 0;\" class=\"mce_SELRES_start\">\ufeff<\/span><span data-mce-type=\"bookmark\" style=\"display: inline-block; width: 0px; overflow: hidden; line-height: 0;\" class=\"mce_SELRES_start\">\ufeff<\/span><span data-mce-type=\"bookmark\" style=\"display: inline-block; width: 0px; overflow: hidden; line-height: 0;\" class=\"mce_SELRES_start\">\ufeff<\/span><span data-mce-type=\"bookmark\" style=\"display: inline-block; width: 0px; overflow: hidden; line-height: 0;\" class=\"mce_SELRES_start\">\ufeff<\/span><\/style>\n<section class=\"kc-elm kc-css-364171 kc_row\">\n<div class=\"kc-row-container kc-container\">\n<div class=\"kc-wrap-columns\">\n<div class=\"kc-elm kc-css-843109 kc_column kc_col-sm-12\">\n<div class=\"kc-col-container\">\n<div class=\"kc-elm kc-css-159873 kc_text_block\">\n<p>[<a title=\"V\u00e4rstingen fr\u00e5n Sarajevo\" href=\"https:\/\/www.daorson.se\/sv\/produkt\/varstingen-fran-sarajevo\/\">V\u00e4rstingen fr\u00e5n Sarajevo<\/a>] \u00c5r 1993 i Sarajevo. Kriget \u00e4r i full g\u00e5ng. Sn\u00f6n faller \u00f6ver det s\u00f6nderbombade sjukhuset. I ett rum ligger den sv\u00e5rt skadade f\u00f6re detta kriminelle Senad Kapo. Den fruktansv\u00e4rda sm\u00e4rtan f\u00f6rsvinner bara n\u00e4r han sjunker in i sina minnen. Han minns att m\u00f6rkret f\u00f6ll ov\u00e4ntat pl\u00f6tsligt. Det var som om ljuset i hela v\u00e4rlden slocknade. F\u00f6re m\u00f6rkret kom, som en blixt, sm\u00e4rtan. Den kom fr\u00e5n h\u00f6ger. Fienden befann sig framf\u00f6r honom, men de skott som genomborrade honom kom fr\u00e5n h\u00f6ger, fr\u00e5n den sida d\u00e4r hans vapenbr\u00f6der fanns. Vilken av dem sk\u00f6t p\u00e5 honom? Kapo vill inte d\u00f6 f\u00f6rr\u00e4n han tagit reda p\u00e5 det.<\/p>\n<p>Han minns sitt liv och sin uppv\u00e4xt i Sarajevo och Bosnien, sin hustru och stora k\u00e4rlek Alma, sina h\u00e4ndelserika \u00e4ventyr runt om Europa med sitt f\u00f6rbrytarg\u00e4ng, sina dagar i ungdomsf\u00e4ngelse, han minns kriget n\u00e4r de alla f\u00f6rvandlades fr\u00e5n brottslingar till krigare.<\/p>\n<p>\u201dDen b\u00e4sta genreromanen som n\u00e5gonsin har skrivits p\u00e5 bosniska.\u201d (Enver Kazaz)<\/p>\n<p>\u201dEn roman om sig sj\u00e4lv och dem, om fred och krig, Sarajevo f\u00f6rr, d\u00e5 och nu, en roman om m\u00e4nskliga \u00f6den, bland vilka en v\u00e4rsting sticker ut som han kan hoppa i m\u00e5nga, \u00e4r skriven med talang och behovet av att bevara ber\u00e4ttelsen.\" (Julijana Matanovi\u0107)<\/p>\n<p>\u201dL\u00e4sbar, skickligt formulerad, l\u00e4tt att acceptera. Romanen \u00e4r full av dynamik och sp\u00e4nning, och allt sker som i en genomt\u00e4nkt actionfilm.\u201d (Munib Delali\u0107)<\/p>\n<p><span style=\"background-color: #febd69; color: #000000;\">Ta en titt p\u00e5 romanen \u201d<a title=\"Kapo\" href=\"https:\/\/www.daorson.se\/sv\/produkt\/kapo\/\"><strong>Kapo<\/strong><\/a>\u201d, som \u00e4r en sorts forts\u00e4ttning p\u00e5 ber\u00e4ttelsen fr\u00e5n romanen \u201dJalija\u0161\u201d.<\/span><\/p>\n<p><span style=\"opacity: 0;\">[Keywords: Midhat Ajanovi\u0107]<\/span><\/p>\n<\/div>\n<\/div>\n<\/div>\n<\/div>\n<\/div>\n<\/section>\n<p>\n<\/div><\/div><\/div><\/div><\/div><\/section>\n","protected":false},"excerpt":{"rendered":"<p class=\"stock in-stock in_stock_color\">H\u00e4ftad | Bosniska\/Kroatiska\/Montenegrinska\/Serbiska | 2026<\/p>\n<p>[<a title=\"V\u00e4rstingen fr\u00e5n Sarajevo\" href=\"https:\/\/www.daorson.se\/sv\/produkt\/varstingen-fran-sarajevo\/\">V\u00e4rstingen fr\u00e5n Sarajevo<\/a>] \u201dDen b\u00e4sta genreromanen som n\u00e5gonsin har skrivits p\u00e5 bosniska.\u201d (Enver Kazaz)<\/p>\n<p>\u00c5r 1993 i Sarajevo. Kriget \u00e4r i full g\u00e5ng. Sn\u00f6n faller \u00f6ver det s\u00f6nderbombade sjukhuset. I ett rum ligger den sv\u00e5rt skadade f\u00f6re detta kriminelle Senad Kapo. Den fruktansv\u00e4rda sm\u00e4rtan f\u00f6rsvinner bara n\u00e4r han sjunker in i sina minnen. Han minns att m\u00f6rkret f\u00f6ll ov\u00e4ntat pl\u00f6tsligt. Det var som om ljuset i hela v\u00e4rlden slocknade. F\u00f6re m\u00f6rkret kom, som en blixt, sm\u00e4rtan. Den kom fr\u00e5n h\u00f6ger. Fienden befann sig framf\u00f6r honom, men de skott som genomborrade honom kom fr\u00e5n h\u00f6ger, fr\u00e5n den sida d\u00e4r hans vapenbr\u00f6der fanns. Vilken av dem sk\u00f6t p\u00e5 honom? Kapo vill inte d\u00f6 f\u00f6rr\u00e4n han tagit reda p\u00e5 det.<\/p>\n<p>Han minns sitt liv och sin uppv\u00e4xt i Sarajevo och Bosnien, sin hustru och stora k\u00e4rlek Alma, sina h\u00e4ndelserika \u00e4ventyr runt om Europa med sitt f\u00f6rbrytarg\u00e4ng, sina dagar i ungdomsf\u00e4ngelse, han minns kriget n\u00e4r de alla f\u00f6rvandlades fr\u00e5n brottslingar till krigare.<\/p>\n<p><span style=\"background-color: #febd69; color: #000000;\">Ta en titt p\u00e5 romanen \u201d<a title=\"Kapo\" href=\"https:\/\/www.daorson.se\/sv\/produkt\/kapo\/\"><strong>Kapo<\/strong><\/a>\u201d, som \u00e4r en sorts forts\u00e4ttning p\u00e5 ber\u00e4ttelsen fr\u00e5n romanen \u201dJalija\u0161\u201d.<\/span><\/p>\n<p>&nbsp;<\/p>\n","protected":false},"featured_media":12598,"comment_status":"open","ping_status":"closed","template":"","meta":{"om_disable_all_campaigns":false,"_monsterinsights_skip_tracking":false,"_monsterinsights_sitenote_active":false,"_monsterinsights_sitenote_note":"","_monsterinsights_sitenote_category":0,"_uf_show_specific_survey":0,"_uf_disable_surveys":false,"ngg_post_thumbnail":0},"product_brand":[],"product_cat":[165],"product_tag":[180,172],"class_list":{"0":"post-12595","1":"product","2":"type-product","3":"status-publish","4":"has-post-thumbnail","6":"product_cat-165","7":"product_tag-180","8":"product_tag-172","9":"book_author-ajanovic-midhat","10":"book_publisher-ogranak-matice-hrvatske-u-bizovcu","12":"first","13":"instock","14":"purchasable","15":"product-type-simple"},"_links":{"self":[{"href":"https:\/\/www.daorson.se\/sv\/wp-json\/wp\/v2\/product\/12595","targetHints":{"allow":["GET"]}}],"collection":[{"href":"https:\/\/www.daorson.se\/sv\/wp-json\/wp\/v2\/product"}],"about":[{"href":"https:\/\/www.daorson.se\/sv\/wp-json\/wp\/v2\/types\/product"}],"replies":[{"embeddable":true,"href":"https:\/\/www.daorson.se\/sv\/wp-json\/wp\/v2\/comments?post=12595"}],"wp:featuredmedia":[{"embeddable":true,"href":"https:\/\/www.daorson.se\/sv\/wp-json\/wp\/v2\/media\/12598"}],"wp:attachment":[{"href":"https:\/\/www.daorson.se\/sv\/wp-json\/wp\/v2\/media?parent=12595"}],"wp:term":[{"taxonomy":"product_brand","embeddable":true,"href":"https:\/\/www.daorson.se\/sv\/wp-json\/wp\/v2\/product_brand?post=12595"},{"taxonomy":"product_cat","embeddable":true,"href":"https:\/\/www.daorson.se\/sv\/wp-json\/wp\/v2\/product_cat?post=12595"},{"taxonomy":"product_tag","embeddable":true,"href":"https:\/\/www.daorson.se\/sv\/wp-json\/wp\/v2\/product_tag?post=12595"}],"curies":[{"name":"wp","href":"https:\/\/api.w.org\/{rel}","templated":true}]}}